{"id":3175,"date":"2023-09-18T14:21:14","date_gmt":"2023-09-18T11:21:14","guid":{"rendered":"https:\/\/99ajans.com\/physiotherapieumut\/krankengymnastik\/"},"modified":"2024-01-20T14:10:36","modified_gmt":"2024-01-20T11:10:36","slug":"krankengymnastik","status":"publish","type":"page","link":"https:\/\/physiotherapieumut.de\/tr\/krankengymnastik\/","title":{"rendered":"Genel Fizyoterapi Uygulamalar\u0131"},"content":{"rendered":"\t\t<div data-elementor-type=\"wp-page\" data-elementor-id=\"3175\" class=\"elementor elementor-3175\">\n\t\t\t\t\t\t<div class=\"elementor-inner\">\n\t\t\t\t<div class=\"elementor-section-wrap\">\n\t\t\t\t\t\t\t\t\t<section class=\"elementor-section elementor-top-section elementor-element elementor-element-11eaafaa elementor-section-boxed elementor-section-height-default elementor-section-height-default\" data-id=\"11eaafaa\" data-element_type=\"section\">\n\t\t\t\t\t\t<div class=\"elementor-container elementor-column-gap-default\">\n\t\t\t\t\t\t\t<div class=\"elementor-row\">\n\t\t\t\t\t<div class=\"elementor-column elementor-col-100 elementor-top-column elementor-element elementor-element-4865ed40\" data-id=\"4865ed40\" data-element_type=\"column\">\n\t\t\t<div class=\"elementor-column-wrap elementor-element-populated\">\n\t\t\t\t\t\t\t<div class=\"elementor-widget-wrap\">\n\t\t\t\t\t\t<div class=\"elementor-element elementor-element-452fbdf3 elementor-widget elementor-widget-text-editor\" data-id=\"452fbdf3\" data-element_type=\"widget\" data-widget_type=\"text-editor.default\">\n\t\t\t\t<div class=\"elementor-widget-container\">\n\t\t\t<style>\/*! elementor - v3.17.0 - 08-11-2023 *\/\n.elementor-widget-text-editor.elementor-drop-cap-view-stacked .elementor-drop-cap{background-color:#69727d;color:#fff}.elementor-widget-text-editor.elementor-drop-cap-view-framed .elementor-drop-cap{color:#69727d;border:3px solid;background-color:transparent}.elementor-widget-text-editor:not(.elementor-drop-cap-view-default) .elementor-drop-cap{margin-top:8px}.elementor-widget-text-editor:not(.elementor-drop-cap-view-default) .elementor-drop-cap-letter{width:1em;height:1em}.elementor-widget-text-editor .elementor-drop-cap{float:left;text-align:center;line-height:1;font-size:50px}.elementor-widget-text-editor .elementor-drop-cap-letter{display:inline-block}<\/style>\t\t\t\t\t<div class=\"elementor-text-editor elementor-clearfix\">\n\t\t\t\t<p style=\"margin-bottom: 17px;\"><span class=\"dropcap-bg\" style=\"background-color: #54ced4; border-radius: 5px;\">F<\/span>izik tedavi, v\u00fccudun hareket ve i\u015flev yetene\u011fini geri kazanmak, korumak veya geli\u015ftirmeyi ama\u00e7layan bir tedavi \u015feklidir. Ayr\u0131ca, hastalar\u0131n ihtiya\u00e7lar\u0131na g\u00f6re ki\u015fiye \u00f6zel olarak uyarlanm\u0131\u015f \u00e7e\u015fitli teknikler ve egzersizler i\u00e7erir. Klini\u011fimizde hem aktif hem de pasif tedavi y\u00f6ntemleri kullan\u0131yoruz. Bunlar aras\u0131nda manuel teknikler, egzersizler, elektroterapi, s\u0131cak veya so\u011fuk uygulamalar ve di\u011fer y\u00f6ntemler bulunuyor. Amac\u0131m\u0131z, hastalar\u0131m\u0131z\u0131n hareketlilik, a\u011fr\u0131 azaltma ve i\u015flevsellik konusundaki ki\u015fisel hedeflerine ula\u015fmalar\u0131na yard\u0131mc\u0131 olmakt\u0131r.<\/p><h4>Fizik tedavi kimler i\u00e7in uygundur?<\/h4><p>Fizik tedavi, kas-iskelet sistemi sorunlar\u0131 olan hastalara uygulanabilir. Bu sorunlar aras\u0131nda kas a\u011fr\u0131lar\u0131, eklem iltihaplanmalar\u0131, kire\u00e7lenme, f\u0131t\u0131k, bel ve boyun a\u011fr\u0131lar\u0131, omurga e\u011frilikleri, spor yaralanmalar\u0131, kaza sonu\u00e7lar\u0131, inme (fel\u00e7), parkinson, MS hastal\u0131\u011f\u0131 (Multipl Skleroz) ve di\u011fer n\u00f6rolojik hastal\u0131klar say\u0131labilir. Ayr\u0131ca fizik tedavi kalp-damar ve solunum sistemi rahats\u0131zl\u0131klar\u0131 olan hastalara da uygulanabilir.<\/p>\t\t\t\t\t<\/div>\n\t\t\t\t\t\t<\/div>\n\t\t\t\t<\/div>\n\t\t\t\t\t\t<\/div>\n\t\t\t\t\t<\/div>\n\t\t<\/div>\n\t\t\t\t\t\t\t\t<\/div>\n\t\t\t\t\t<\/div>\n\t\t<\/section>\n\t\t\t\t<section class=\"elementor-section elementor-top-section elementor-element elementor-element-648df782 elementor-section-boxed elementor-section-height-default elementor-section-height-default\" data-id=\"648df782\" data-element_type=\"section\">\n\t\t\t\t\t\t<div class=\"elementor-container elementor-column-gap-extended\">\n\t\t\t\t\t\t\t<div class=\"elementor-row\">\n\t\t\t\t\t<div class=\"elementor-column elementor-col-50 elementor-top-column elementor-element elementor-element-4c896678\" data-id=\"4c896678\" data-element_type=\"column\">\n\t\t\t<div class=\"elementor-column-wrap elementor-element-populated\">\n\t\t\t\t\t\t\t<div class=\"elementor-widget-wrap\">\n\t\t\t\t\t\t<div class=\"elementor-element elementor-element-31993b96 elementor-widget elementor-widget-image\" data-id=\"31993b96\" data-element_type=\"widget\" data-widget_type=\"image.default\">\n\t\t\t\t<div class=\"elementor-widget-container\">\n\t\t\t<style>\/*! elementor - v3.17.0 - 08-11-2023 *\/\n.elementor-widget-image{text-align:center}.elementor-widget-image a{display:inline-block}.elementor-widget-image a img[src$=\".svg\"]{width:48px}.elementor-widget-image img{vertical-align:middle;display:inline-block}<\/style>\t\t\t\t\t<div class=\"elementor-image\">\n\t\t\t\t\t\t\t\t\t\t\t\t<img loading=\"lazy\" decoding=\"async\" width=\"974\" height=\"686\" src=\"https:\/\/physiotherapieumut.de\/wp-content\/uploads\/2023\/09\/Krankengymnastik.jpg\" class=\"attachment-full size-full wp-image-2238\" alt=\"\" srcset=\"https:\/\/physiotherapieumut.de\/wp-content\/uploads\/2023\/09\/Krankengymnastik.jpg 974w, https:\/\/physiotherapieumut.de\/wp-content\/uploads\/2023\/09\/Krankengymnastik-300x211.jpg 300w, https:\/\/physiotherapieumut.de\/wp-content\/uploads\/2023\/09\/Krankengymnastik-768x541.jpg 768w\" sizes=\"auto, (max-width: 974px) 100vw, 974px\" \/>\t\t\t\t\t\t\t\t\t\t\t\t\t\t<\/div>\n\t\t\t\t\t\t<\/div>\n\t\t\t\t<\/div>\n\t\t\t\t\t\t<\/div>\n\t\t\t\t\t<\/div>\n\t\t<\/div>\n\t\t\t\t<div class=\"elementor-column elementor-col-50 elementor-top-column elementor-element elementor-element-ca6667\" data-id=\"ca6667\" data-element_type=\"column\">\n\t\t\t<div class=\"elementor-column-wrap elementor-element-populated\">\n\t\t\t\t\t\t\t<div class=\"elementor-widget-wrap\">\n\t\t\t\t\t\t<div class=\"elementor-element elementor-element-4385aa4c elementor-widget elementor-widget-image\" data-id=\"4385aa4c\" data-element_type=\"widget\" data-widget_type=\"image.default\">\n\t\t\t\t<div class=\"elementor-widget-container\">\n\t\t\t\t\t\t\t\t<div class=\"elementor-image\">\n\t\t\t\t\t\t\t\t\t\t\t\t<img loading=\"lazy\" decoding=\"async\" width=\"978\" height=\"649\" src=\"https:\/\/physiotherapieumut.de\/wp-content\/uploads\/2023\/09\/Krankengymnastik_.jpg\" class=\"attachment-full size-full wp-image-2237\" alt=\"\" srcset=\"https:\/\/physiotherapieumut.de\/wp-content\/uploads\/2023\/09\/Krankengymnastik_.jpg 978w, https:\/\/physiotherapieumut.de\/wp-content\/uploads\/2023\/09\/Krankengymnastik_-300x199.jpg 300w, https:\/\/physiotherapieumut.de\/wp-content\/uploads\/2023\/09\/Krankengymnastik_-768x510.jpg 768w\" sizes=\"auto, (max-width: 978px) 100vw, 978px\" \/>\t\t\t\t\t\t\t\t\t\t\t\t\t\t<\/div>\n\t\t\t\t\t\t<\/div>\n\t\t\t\t<\/div>\n\t\t\t\t<div class=\"elementor-element elementor-element-7f2c86a4 elementor-widget elementor-widget-spacer\" data-id=\"7f2c86a4\" data-element_type=\"widget\" data-widget_type=\"spacer.default\">\n\t\t\t\t<div class=\"elementor-widget-container\">\n\t\t\t<style>\/*! elementor - v3.17.0 - 08-11-2023 *\/\n.elementor-column .elementor-spacer-inner{height:var(--spacer-size)}.e-con{--container-widget-width:100%}.e-con-inner>.elementor-widget-spacer,.e-con>.elementor-widget-spacer{width:var(--container-widget-width,var(--spacer-size));--align-self:var(--container-widget-align-self,initial);--flex-shrink:0}.e-con-inner>.elementor-widget-spacer>.elementor-widget-container,.e-con>.elementor-widget-spacer>.elementor-widget-container{height:100%;width:100%}.e-con-inner>.elementor-widget-spacer>.elementor-widget-container>.elementor-spacer,.e-con>.elementor-widget-spacer>.elementor-widget-container>.elementor-spacer{height:100%}.e-con-inner>.elementor-widget-spacer>.elementor-widget-container>.elementor-spacer>.elementor-spacer-inner,.e-con>.elementor-widget-spacer>.elementor-widget-container>.elementor-spacer>.elementor-spacer-inner{height:var(--container-widget-height,var(--spacer-size))}.e-con-inner>.elementor-widget-spacer.elementor-widget-empty,.e-con>.elementor-widget-spacer.elementor-widget-empty{position:relative;min-height:22px;min-width:22px}.e-con-inner>.elementor-widget-spacer.elementor-widget-empty .elementor-widget-empty-icon,.e-con>.elementor-widget-spacer.elementor-widget-empty .elementor-widget-empty-icon{position:absolute;top:0;bottom:0;left:0;right:0;margin:auto;padding:0;width:22px;height:22px}<\/style>\t\t<div class=\"elementor-spacer\">\n\t\t\t<div class=\"elementor-spacer-inner\"><\/div>\n\t\t<\/div>\n\t\t\t\t<\/div>\n\t\t\t\t<\/div>\n\t\t\t\t\t\t<\/div>\n\t\t\t\t\t<\/div>\n\t\t<\/div>\n\t\t\t\t\t\t\t\t<\/div>\n\t\t\t\t\t<\/div>\n\t\t<\/section>\n\t\t\t\t<section class=\"elementor-section elementor-top-section elementor-element elementor-element-624c77fd elementor-section-boxed elementor-section-height-default elementor-section-height-default\" data-id=\"624c77fd\" data-element_type=\"section\">\n\t\t\t\t\t\t<div class=\"elementor-container elementor-column-gap-default\">\n\t\t\t\t\t\t\t<div class=\"elementor-row\">\n\t\t\t\t\t<div class=\"elementor-column elementor-col-100 elementor-top-column elementor-element elementor-element-57bdd00b\" data-id=\"57bdd00b\" data-element_type=\"column\">\n\t\t\t<div class=\"elementor-column-wrap elementor-element-populated\">\n\t\t\t\t\t\t\t<div class=\"elementor-widget-wrap\">\n\t\t\t\t\t\t<div class=\"elementor-element elementor-element-6a14d51b elementor-widget elementor-widget-spacer\" data-id=\"6a14d51b\" data-element_type=\"widget\" data-widget_type=\"spacer.default\">\n\t\t\t\t<div class=\"elementor-widget-container\">\n\t\t\t\t\t<div class=\"elementor-spacer\">\n\t\t\t<div class=\"elementor-spacer-inner\"><\/div>\n\t\t<\/div>\n\t\t\t\t<\/div>\n\t\t\t\t<\/div>\n\t\t\t\t\t\t<\/div>\n\t\t\t\t\t<\/div>\n\t\t<\/div>\n\t\t\t\t\t\t\t\t<\/div>\n\t\t\t\t\t<\/div>\n\t\t<\/section>\n\t\t\t\t<section class=\"elementor-section elementor-top-section elementor-element elementor-element-6a701468 elementor-section-boxed elementor-section-height-default elementor-section-height-default\" data-id=\"6a701468\" data-element_type=\"section\">\n\t\t\t\t\t\t<div class=\"elementor-container elementor-column-gap-default\">\n\t\t\t\t\t\t\t<div class=\"elementor-row\">\n\t\t\t\t\t<div class=\"elementor-column elementor-col-100 elementor-top-column elementor-element elementor-element-350f9a86\" data-id=\"350f9a86\" data-element_type=\"column\">\n\t\t\t<div class=\"elementor-column-wrap elementor-element-populated\">\n\t\t\t\t\t\t\t<div class=\"elementor-widget-wrap\">\n\t\t\t\t\t\t<div class=\"elementor-element elementor-element-172c8227 elementor-widget__width-initial elementor-widget elementor-widget-text-editor\" data-id=\"172c8227\" data-element_type=\"widget\" data-widget_type=\"text-editor.default\">\n\t\t\t\t<div class=\"elementor-widget-container\">\n\t\t\t\t\t\t\t\t<div class=\"elementor-text-editor elementor-clearfix\">\n\t\t\t\t<h4>Fizik tedavi nas\u0131l yap\u0131l\u0131r?<\/h4><p>Fizik tedavi seanslar\u0131 genellikle 15-20 dakika s\u00fcrer ve hastan\u0131n durumuna g\u00f6re haftada birka\u00e7 kez tekrarlan\u0131r. Seanslar s\u0131ras\u0131nda fizyoterapist hastan\u0131n durumunu de\u011ferlendirir ve uygun tedavi plan\u0131n\u0131 belirler. Tedavi plan\u0131 hastan\u0131n hedefleri, beklentileri ve ya\u015fam kalitesine g\u00f6re olu\u015fturulur. Tedavi plan\u0131 kapsam\u0131nda fizyoterapist hastaya manuel teknikler uygular, egzersiz program\u0131 verir, ya da s\u0131cak veya so\u011fuk uygulamalar yapar. Tedavi s\u00fcrecinde hastan\u0131n geri bildirimi al\u0131n\u0131r ve gerekirse tedavi plan\u0131nda de\u011fi\u015fiklik yap\u0131l\u0131r.<\/p>\t\t\t\t\t<\/div>\n\t\t\t\t\t\t<\/div>\n\t\t\t\t<\/div>\n\t\t\t\t\t\t<\/div>\n\t\t\t\t\t<\/div>\n\t\t<\/div>\n\t\t\t\t\t\t\t\t<\/div>\n\t\t\t\t\t<\/div>\n\t\t<\/section>\n\t\t\t\t<section class=\"elementor-section elementor-top-section elementor-element elementor-element-1b8148c1 elementor-section-boxed elementor-section-height-default elementor-section-height-default\" data-id=\"1b8148c1\" data-element_type=\"section\">\n\t\t\t\t\t\t<div class=\"elementor-container elementor-column-gap-default\">\n\t\t\t\t\t\t\t<div class=\"elementor-row\">\n\t\t\t\t\t<div class=\"elementor-column elementor-col-100 elementor-top-column elementor-element elementor-element-62ef9e4f\" data-id=\"62ef9e4f\" data-element_type=\"column\">\n\t\t\t<div class=\"elementor-column-wrap elementor-element-populated\">\n\t\t\t\t\t\t\t<div class=\"elementor-widget-wrap\">\n\t\t\t\t\t\t<div class=\"elementor-element elementor-element-52c1ebc4 elementor-widget elementor-widget-spacer\" data-id=\"52c1ebc4\" data-element_type=\"widget\" data-widget_type=\"spacer.default\">\n\t\t\t\t<div class=\"elementor-widget-container\">\n\t\t\t\t\t<div class=\"elementor-spacer\">\n\t\t\t<div class=\"elementor-spacer-inner\"><\/div>\n\t\t<\/div>\n\t\t\t\t<\/div>\n\t\t\t\t<\/div>\n\t\t\t\t\t\t<\/div>\n\t\t\t\t\t<\/div>\n\t\t<\/div>\n\t\t\t\t\t\t\t\t<\/div>\n\t\t\t\t\t<\/div>\n\t\t<\/section>\n\t\t\t\t<section class=\"elementor-section elementor-top-section elementor-element elementor-element-65dda035 elementor-section-boxed elementor-section-height-default elementor-section-height-default\" data-id=\"65dda035\" data-element_type=\"section\">\n\t\t\t\t\t\t<div class=\"elementor-container elementor-column-gap-extended\">\n\t\t\t\t\t\t\t<div class=\"elementor-row\">\n\t\t\t\t\t<div class=\"elementor-column elementor-col-50 elementor-top-column elementor-element elementor-element-75183de\" data-id=\"75183de\" data-element_type=\"column\">\n\t\t\t<div class=\"elementor-column-wrap elementor-element-populated\">\n\t\t\t\t\t\t\t<div class=\"elementor-widget-wrap\">\n\t\t\t\t\t\t<div class=\"elementor-element elementor-element-1b784ae5 elementor-widget elementor-widget-image\" data-id=\"1b784ae5\" data-element_type=\"widget\" data-widget_type=\"image.default\">\n\t\t\t\t<div class=\"elementor-widget-container\">\n\t\t\t\t\t\t\t\t<div class=\"elementor-image\">\n\t\t\t\t\t\t\t\t\t\t\t\t<img loading=\"lazy\" decoding=\"async\" width=\"974\" height=\"647\" src=\"https:\/\/physiotherapieumut.de\/wp-content\/uploads\/2023\/09\/Krankengymnastik_2.jpg\" class=\"attachment-full size-full wp-image-2235\" alt=\"\" srcset=\"https:\/\/physiotherapieumut.de\/wp-content\/uploads\/2023\/09\/Krankengymnastik_2.jpg 974w, https:\/\/physiotherapieumut.de\/wp-content\/uploads\/2023\/09\/Krankengymnastik_2-300x199.jpg 300w, https:\/\/physiotherapieumut.de\/wp-content\/uploads\/2023\/09\/Krankengymnastik_2-768x510.jpg 768w\" sizes=\"auto, (max-width: 974px) 100vw, 974px\" \/>\t\t\t\t\t\t\t\t\t\t\t\t\t\t<\/div>\n\t\t\t\t\t\t<\/div>\n\t\t\t\t<\/div>\n\t\t\t\t\t\t<\/div>\n\t\t\t\t\t<\/div>\n\t\t<\/div>\n\t\t\t\t<div class=\"elementor-column elementor-col-50 elementor-top-column elementor-element elementor-element-66c3063b\" data-id=\"66c3063b\" data-element_type=\"column\">\n\t\t\t<div class=\"elementor-column-wrap elementor-element-populated\">\n\t\t\t\t\t\t\t<div class=\"elementor-widget-wrap\">\n\t\t\t\t\t\t<div class=\"elementor-element elementor-element-2d69ba1b elementor-widget elementor-widget-image\" data-id=\"2d69ba1b\" data-element_type=\"widget\" data-widget_type=\"image.default\">\n\t\t\t\t<div class=\"elementor-widget-container\">\n\t\t\t\t\t\t\t\t<div class=\"elementor-image\">\n\t\t\t\t\t\t\t\t\t\t\t\t<img loading=\"lazy\" decoding=\"async\" width=\"973\" height=\"647\" src=\"https:\/\/physiotherapieumut.de\/wp-content\/uploads\/2023\/09\/Krankengymnastik_1.jpg\" class=\"attachment-full size-full wp-image-2236\" alt=\"\" srcset=\"https:\/\/physiotherapieumut.de\/wp-content\/uploads\/2023\/09\/Krankengymnastik_1.jpg 973w, https:\/\/physiotherapieumut.de\/wp-content\/uploads\/2023\/09\/Krankengymnastik_1-300x199.jpg 300w, https:\/\/physiotherapieumut.de\/wp-content\/uploads\/2023\/09\/Krankengymnastik_1-768x511.jpg 768w\" sizes=\"auto, (max-width: 973px) 100vw, 973px\" \/>\t\t\t\t\t\t\t\t\t\t\t\t\t\t<\/div>\n\t\t\t\t\t\t<\/div>\n\t\t\t\t<\/div>\n\t\t\t\t\t\t<\/div>\n\t\t\t\t\t<\/div>\n\t\t<\/div>\n\t\t\t\t\t\t\t\t<\/div>\n\t\t\t\t\t<\/div>\n\t\t<\/section>\n\t\t\t\t<section class=\"elementor-section elementor-top-section elementor-element elementor-element-7576032a elementor-section-boxed elementor-section-height-default elementor-section-height-default\" data-id=\"7576032a\" data-element_type=\"section\">\n\t\t\t\t\t\t<div class=\"elementor-container elementor-column-gap-default\">\n\t\t\t\t\t\t\t<div class=\"elementor-row\">\n\t\t\t\t\t<div class=\"elementor-column elementor-col-100 elementor-top-column elementor-element elementor-element-3458cbed\" data-id=\"3458cbed\" data-element_type=\"column\">\n\t\t\t<div class=\"elementor-column-wrap elementor-element-populated\">\n\t\t\t\t\t\t\t<div class=\"elementor-widget-wrap\">\n\t\t\t\t\t\t<div class=\"elementor-element elementor-element-226c2381 elementor-widget elementor-widget-spacer\" data-id=\"226c2381\" data-element_type=\"widget\" data-widget_type=\"spacer.default\">\n\t\t\t\t<div class=\"elementor-widget-container\">\n\t\t\t\t\t<div class=\"elementor-spacer\">\n\t\t\t<div class=\"elementor-spacer-inner\"><\/div>\n\t\t<\/div>\n\t\t\t\t<\/div>\n\t\t\t\t<\/div>\n\t\t\t\t<div class=\"elementor-element elementor-element-180d2789 elementor-widget elementor-widget-text-editor\" data-id=\"180d2789\" data-element_type=\"widget\" data-widget_type=\"text-editor.default\">\n\t\t\t\t<div class=\"elementor-widget-container\">\n\t\t\t\t\t\t\t\t<div class=\"elementor-text-editor elementor-clearfix\">\n\t\t\t\t<h4>Fizik tedavinin faydalar\u0131 nelerdir?<\/h4><ul><li>A\u011fr\u0131n\u0131n azalmas\u0131 veya giderilmesi<\/li><li>Eklem hareketlili\u011finin artmas\u0131<\/li><li>Kas kuvveti ve esnekli\u011finin geli\u015ftirilmesi<\/li><li>Duru\u015f ve denge kontrol\u00fcn\u00fcn iyile\u015ftirilmesi<\/li><li>Yaralanma riskinin azalt\u0131lmas\u0131<\/li><li>\u0130\u015flevsellik kapasitesinin art\u0131r\u0131lmas\u0131<\/li><li>Ya\u015fam kalitesinin y\u00fckseltilmesi<\/li><\/ul><p>Siz de sa\u011fl\u0131\u011f\u0131n\u0131z i\u00e7in fizyoterapi hizmeti almak istiyorsan\u0131z size en iyi tedaviyi sunmak i\u00e7in haz\u0131r\u0131z. Fizyoterapi Umut olarak size en iyi tedaviyi sunmak i\u00e7in \u00e7al\u0131\u015f\u0131yoruz. Sa\u011fl\u0131kl\u0131 g\u00fcnler dileriz.<\/p>\t\t\t\t\t<\/div>\n\t\t\t\t\t\t<\/div>\n\t\t\t\t<\/div>\n\t\t\t\t\t\t<\/div>\n\t\t\t\t\t<\/div>\n\t\t<\/div>\n\t\t\t\t\t\t\t\t<\/div>\n\t\t\t\t\t<\/div>\n\t\t<\/section>\n\t\t\t\t\t\t\t\t\t<\/div>\n\t\t\t<\/div>\n\t\t\t\t\t<\/div>\n\t\t","protected":false},"excerpt":{"rendered":"<p>Fizik tedavi, v\u00fccudun hareket ve i\u015flev yetene\u011fini geri kazanmak, korumak veya geli\u015ftirmeyi ama\u00e7layan bir tedavi \u015feklidir. Ayr\u0131ca, hastalar\u0131n ihtiya\u00e7lar\u0131na g\u00f6re ki\u015fiye \u00f6zel olarak uyarlanm\u0131\u015f \u00e7e\u015fitli teknikler ve egzersizler i\u00e7erir. Klini\u011fimizde hem aktif hem de pasif tedavi y\u00f6ntemleri kullan\u0131yoruz. Bunlar aras\u0131nda manuel teknikler, egzersizler, elektroterapi, s\u0131cak veya so\u011fuk uygulamalar ve di\u011fer y\u00f6ntemler bulunuyor. Amac\u0131m\u0131z, hastalar\u0131m\u0131z\u0131n hareketlilik, [&hellip;]<\/p>\n","protected":false},"author":1,"featured_media":0,"parent":0,"menu_order":0,"comment_status":"closed","ping_status":"closed","template":"","meta":{"footnotes":""},"class_list":["post-3175","page","type-page","status-publish","hentry"],"yoast_head":"<!-- This site is optimized with the Yoast SEO plugin v21.5 - https:\/\/yoast.com\/wordpress\/plugins\/seo\/ -->\n<title>Fizik Tedavi<\/title>\n<meta name=\"description\" content=\"Fizyoterapi Umut olarak amac\u0131m\u0131z, hastalar\u0131m\u0131z\u0131n hareketlilik, a\u011fr\u0131 azaltma ve i\u015flevsellik hedeflerine ula\u015fmalar\u0131na yard\u0131mc\u0131 olmakt\u0131r.\" \/>\n<meta name=\"robots\" content=\"index, follow, max-snippet:-1, max-image-preview:large, max-video-preview:-1\" \/>\n<link rel=\"canonical\" href=\"https:\/\/physiotherapieumut.de\/tr\/krankengymnastik\/\" \/>\n<meta property=\"og:locale\" content=\"tr_TR\" \/>\n<meta property=\"og:type\" content=\"article\" \/>\n<meta property=\"og:title\" content=\"Fizik Tedavi\" \/>\n<meta property=\"og:description\" content=\"Fizyoterapi Umut olarak amac\u0131m\u0131z, hastalar\u0131m\u0131z\u0131n hareketlilik, a\u011fr\u0131 azaltma ve i\u015flevsellik hedeflerine ula\u015fmalar\u0131na yard\u0131mc\u0131 olmakt\u0131r.\" \/>\n<meta property=\"og:url\" content=\"https:\/\/physiotherapieumut.de\/tr\/krankengymnastik\/\" \/>\n<meta property=\"og:site_name\" content=\"Physiotherapie Umut\" \/>\n<meta property=\"article:modified_time\" content=\"2024-01-20T11:10:36+00:00\" \/>\n<meta property=\"og:image\" content=\"https:\/\/physiotherapieumut.de\/wp-content\/uploads\/2023\/09\/Krankengymnastik.jpg\" \/>\n<meta name=\"twitter:card\" content=\"summary_large_image\" \/>\n<meta name=\"twitter:label1\" content=\"Tahmini okuma s\u00fcresi\" \/>\n\t<meta name=\"twitter:data1\" content=\"3 dakika\" \/>\n<script type=\"application\/ld+json\" class=\"yoast-schema-graph\">{\"@context\":\"https:\/\/schema.org\",\"@graph\":[{\"@type\":\"WebPage\",\"@id\":\"https:\/\/physiotherapieumut.de\/tr\/krankengymnastik\/\",\"url\":\"https:\/\/physiotherapieumut.de\/tr\/krankengymnastik\/\",\"name\":\"Fizik Tedavi\",\"isPartOf\":{\"@id\":\"https:\/\/physiotherapieumut.de\/#website\"},\"datePublished\":\"2023-09-18T11:21:14+00:00\",\"dateModified\":\"2024-01-20T11:10:36+00:00\",\"description\":\"Fizyoterapi Umut olarak amac\u0131m\u0131z, hastalar\u0131m\u0131z\u0131n hareketlilik, a\u011fr\u0131 azaltma ve i\u015flevsellik hedeflerine ula\u015fmalar\u0131na yard\u0131mc\u0131 olmakt\u0131r.\",\"breadcrumb\":{\"@id\":\"https:\/\/physiotherapieumut.de\/tr\/krankengymnastik\/#breadcrumb\"},\"inLanguage\":\"tr\",\"potentialAction\":[{\"@type\":\"ReadAction\",\"target\":[\"https:\/\/physiotherapieumut.de\/tr\/krankengymnastik\/\"]}]},{\"@type\":\"BreadcrumbList\",\"@id\":\"https:\/\/physiotherapieumut.de\/tr\/krankengymnastik\/#breadcrumb\",\"itemListElement\":[{\"@type\":\"ListItem\",\"position\":1,\"name\":\"Startseite\",\"item\":\"https:\/\/physiotherapieumut.de\/tr\/\"},{\"@type\":\"ListItem\",\"position\":2,\"name\":\"Genel Fizyoterapi Uygulamalar\u0131\"}]},{\"@type\":\"WebSite\",\"@id\":\"https:\/\/physiotherapieumut.de\/#website\",\"url\":\"https:\/\/physiotherapieumut.de\/\",\"name\":\"Physiotherapie Umut\",\"description\":\"Wir bringen Sie wieder in Bewegung\",\"alternateName\":\"Wir bringen Sie wieder in Bewegung\",\"potentialAction\":[{\"@type\":\"SearchAction\",\"target\":{\"@type\":\"EntryPoint\",\"urlTemplate\":\"https:\/\/physiotherapieumut.de\/?s={search_term_string}\"},\"query-input\":\"required name=search_term_string\"}],\"inLanguage\":\"tr\"}]}<\/script>\n<!-- \/ Yoast SEO plugin. -->","yoast_head_json":{"title":"Fizik Tedavi","description":"Fizyoterapi Umut olarak amac\u0131m\u0131z, hastalar\u0131m\u0131z\u0131n hareketlilik, a\u011fr\u0131 azaltma ve i\u015flevsellik hedeflerine ula\u015fmalar\u0131na yard\u0131mc\u0131 olmakt\u0131r.","robots":{"index":"index","follow":"follow","max-snippet":"max-snippet:-1","max-image-preview":"max-image-preview:large","max-video-preview":"max-video-preview:-1"},"canonical":"https:\/\/physiotherapieumut.de\/tr\/krankengymnastik\/","og_locale":"tr_TR","og_type":"article","og_title":"Fizik Tedavi","og_description":"Fizyoterapi Umut olarak amac\u0131m\u0131z, hastalar\u0131m\u0131z\u0131n hareketlilik, a\u011fr\u0131 azaltma ve i\u015flevsellik hedeflerine ula\u015fmalar\u0131na yard\u0131mc\u0131 olmakt\u0131r.","og_url":"https:\/\/physiotherapieumut.de\/tr\/krankengymnastik\/","og_site_name":"Physiotherapie Umut","article_modified_time":"2024-01-20T11:10:36+00:00","og_image":[{"url":"https:\/\/physiotherapieumut.de\/wp-content\/uploads\/2023\/09\/Krankengymnastik.jpg"}],"twitter_card":"summary_large_image","twitter_misc":{"Tahmini okuma s\u00fcresi":"3 dakika"},"schema":{"@context":"https:\/\/schema.org","@graph":[{"@type":"WebPage","@id":"https:\/\/physiotherapieumut.de\/tr\/krankengymnastik\/","url":"https:\/\/physiotherapieumut.de\/tr\/krankengymnastik\/","name":"Fizik Tedavi","isPartOf":{"@id":"https:\/\/physiotherapieumut.de\/#website"},"datePublished":"2023-09-18T11:21:14+00:00","dateModified":"2024-01-20T11:10:36+00:00","description":"Fizyoterapi Umut olarak amac\u0131m\u0131z, hastalar\u0131m\u0131z\u0131n hareketlilik, a\u011fr\u0131 azaltma ve i\u015flevsellik hedeflerine ula\u015fmalar\u0131na yard\u0131mc\u0131 olmakt\u0131r.","breadcrumb":{"@id":"https:\/\/physiotherapieumut.de\/tr\/krankengymnastik\/#breadcrumb"},"inLanguage":"tr","potentialAction":[{"@type":"ReadAction","target":["https:\/\/physiotherapieumut.de\/tr\/krankengymnastik\/"]}]},{"@type":"BreadcrumbList","@id":"https:\/\/physiotherapieumut.de\/tr\/krankengymnastik\/#breadcrumb","itemListElement":[{"@type":"ListItem","position":1,"name":"Startseite","item":"https:\/\/physiotherapieumut.de\/tr\/"},{"@type":"ListItem","position":2,"name":"Genel Fizyoterapi Uygulamalar\u0131"}]},{"@type":"WebSite","@id":"https:\/\/physiotherapieumut.de\/#website","url":"https:\/\/physiotherapieumut.de\/","name":"Physiotherapie Umut","description":"Wir bringen Sie wieder in Bewegung","alternateName":"Wir bringen Sie wieder in Bewegung","potentialAction":[{"@type":"SearchAction","target":{"@type":"EntryPoint","urlTemplate":"https:\/\/physiotherapieumut.de\/?s={search_term_string}"},"query-input":"required name=search_term_string"}],"inLanguage":"tr"}]}},"_links":{"self":[{"href":"https:\/\/physiotherapieumut.de\/tr\/wp-json\/wp\/v2\/pages\/3175","targetHints":{"allow":["GET"]}}],"collection":[{"href":"https:\/\/physiotherapieumut.de\/tr\/wp-json\/wp\/v2\/pages"}],"about":[{"href":"https:\/\/physiotherapieumut.de\/tr\/wp-json\/wp\/v2\/types\/page"}],"author":[{"embeddable":true,"href":"https:\/\/physiotherapieumut.de\/tr\/wp-json\/wp\/v2\/users\/1"}],"replies":[{"embeddable":true,"href":"https:\/\/physiotherapieumut.de\/tr\/wp-json\/wp\/v2\/comments?post=3175"}],"version-history":[{"count":11,"href":"https:\/\/physiotherapieumut.de\/tr\/wp-json\/wp\/v2\/pages\/3175\/revisions"}],"predecessor-version":[{"id":3776,"href":"https:\/\/physiotherapieumut.de\/tr\/wp-json\/wp\/v2\/pages\/3175\/revisions\/3776"}],"wp:attachment":[{"href":"https:\/\/physiotherapieumut.de\/tr\/wp-json\/wp\/v2\/media?parent=3175"}],"curies":[{"name":"wp","href":"https:\/\/api.w.org\/{rel}","templated":true}]}}