{"id":3184,"date":"2023-09-18T14:00:56","date_gmt":"2023-09-18T11:00:56","guid":{"rendered":"https:\/\/99ajans.com\/physiotherapieumut\/manuelle-lymphdrainage\/"},"modified":"2023-11-20T00:13:23","modified_gmt":"2023-11-19T21:13:23","slug":"manuelle-lymphdrainage","status":"publish","type":"page","link":"https:\/\/physiotherapieumut.de\/tr\/manuelle-lymphdrainage\/","title":{"rendered":"Manuel Lenf Drenaj Tedavisi"},"content":{"rendered":"\t\t<div data-elementor-type=\"wp-page\" data-elementor-id=\"3184\" class=\"elementor elementor-3184\">\n\t\t\t\t\t\t<div class=\"elementor-inner\">\n\t\t\t\t<div class=\"elementor-section-wrap\">\n\t\t\t\t\t\t\t\t\t<section class=\"elementor-section elementor-top-section elementor-element elementor-element-504c174a elementor-section-boxed elementor-section-height-default elementor-section-height-default\" data-id=\"504c174a\" data-element_type=\"section\">\n\t\t\t\t\t\t<div class=\"elementor-container elementor-column-gap-default\">\n\t\t\t\t\t\t\t<div class=\"elementor-row\">\n\t\t\t\t\t<div class=\"elementor-column elementor-col-100 elementor-top-column elementor-element elementor-element-30a67a65\" data-id=\"30a67a65\" data-element_type=\"column\">\n\t\t\t<div class=\"elementor-column-wrap elementor-element-populated\">\n\t\t\t\t\t\t\t<div class=\"elementor-widget-wrap\">\n\t\t\t\t\t\t<div class=\"elementor-element elementor-element-374814b3 elementor-widget elementor-widget-text-editor\" data-id=\"374814b3\" data-element_type=\"widget\" data-widget_type=\"text-editor.default\">\n\t\t\t\t<div class=\"elementor-widget-container\">\n\t\t\t<style>\/*! elementor - v3.17.0 - 08-11-2023 *\/\n.elementor-widget-text-editor.elementor-drop-cap-view-stacked .elementor-drop-cap{background-color:#69727d;color:#fff}.elementor-widget-text-editor.elementor-drop-cap-view-framed .elementor-drop-cap{color:#69727d;border:3px solid;background-color:transparent}.elementor-widget-text-editor:not(.elementor-drop-cap-view-default) .elementor-drop-cap{margin-top:8px}.elementor-widget-text-editor:not(.elementor-drop-cap-view-default) .elementor-drop-cap-letter{width:1em;height:1em}.elementor-widget-text-editor .elementor-drop-cap{float:left;text-align:center;line-height:1;font-size:50px}.elementor-widget-text-editor .elementor-drop-cap-letter{display:inline-block}<\/style>\t\t\t\t\t<div class=\"elementor-text-editor elementor-clearfix\">\n\t\t\t\t<p style=\"margin-bottom: 17px;\"><span class=\"dropcap-bg\" style=\"background-color: #54ced4; border-radius: 5px;\">M<\/span>anuel lenf drenaj\u0131 (MLD), lenf sisteminin uyar\u0131lmas\u0131n\u0131 ve v\u00fccuttaki lenf s\u0131v\u0131s\u0131n\u0131n ak\u0131\u015f\u0131n\u0131n iyile\u015ftirilmesini ama\u00e7layan \u00f6zelle\u015ftirilmi\u015f bir tedavi y\u00f6ntemidir. Lenf sistemi, ba\u011f\u0131\u015f\u0131kl\u0131k sisteminin bir par\u00e7as\u0131d\u0131r ve dokulardan fazla s\u0131v\u0131, toksinlerin uzakla\u015ft\u0131r\u0131lmas\u0131nda \u00f6nemli bir rol oynar.<\/p><p>MLD, lenfin do\u011fal ak\u0131\u015f\u0131n\u0131 te\u015fvik eden yumu\u015fak, ritmik ve dairesel hareketlerle yap\u0131l\u0131r.<\/p>\t\t\t\t\t<\/div>\n\t\t\t\t\t\t<\/div>\n\t\t\t\t<\/div>\n\t\t\t\t\t\t<\/div>\n\t\t\t\t\t<\/div>\n\t\t<\/div>\n\t\t\t\t\t\t\t\t<\/div>\n\t\t\t\t\t<\/div>\n\t\t<\/section>\n\t\t\t\t<section class=\"elementor-section elementor-top-section elementor-element elementor-element-2d5ba221 elementor-section-boxed elementor-section-height-default elementor-section-height-default\" data-id=\"2d5ba221\" data-element_type=\"section\">\n\t\t\t\t\t\t<div class=\"elementor-container elementor-column-gap-extended\">\n\t\t\t\t\t\t\t<div class=\"elementor-row\">\n\t\t\t\t\t<div class=\"elementor-column elementor-col-50 elementor-top-column elementor-element elementor-element-300b9180\" data-id=\"300b9180\" data-element_type=\"column\">\n\t\t\t<div class=\"elementor-column-wrap elementor-element-populated\">\n\t\t\t\t\t\t\t<div class=\"elementor-widget-wrap\">\n\t\t\t\t\t\t<div class=\"elementor-element elementor-element-44bb67a5 elementor-widget elementor-widget-image\" data-id=\"44bb67a5\" data-element_type=\"widget\" data-widget_type=\"image.default\">\n\t\t\t\t<div class=\"elementor-widget-container\">\n\t\t\t<style>\/*! elementor - v3.17.0 - 08-11-2023 *\/\n.elementor-widget-image{text-align:center}.elementor-widget-image a{display:inline-block}.elementor-widget-image a img[src$=\".svg\"]{width:48px}.elementor-widget-image img{vertical-align:middle;display:inline-block}<\/style>\t\t\t\t\t<div class=\"elementor-image\">\n\t\t\t\t\t\t\t\t\t\t\t\t<img loading=\"lazy\" decoding=\"async\" width=\"1019\" height=\"677\" src=\"https:\/\/physiotherapieumut.de\/wp-content\/uploads\/2023\/09\/manuelle-Lymphdrainage-mld.jpg\" class=\"attachment-full size-full wp-image-2546\" alt=\"\" srcset=\"https:\/\/physiotherapieumut.de\/wp-content\/uploads\/2023\/09\/manuelle-Lymphdrainage-mld.jpg 1019w, https:\/\/physiotherapieumut.de\/wp-content\/uploads\/2023\/09\/manuelle-Lymphdrainage-mld-300x199.jpg 300w, https:\/\/physiotherapieumut.de\/wp-content\/uploads\/2023\/09\/manuelle-Lymphdrainage-mld-768x510.jpg 768w\" sizes=\"auto, (max-width: 1019px) 100vw, 1019px\" \/>\t\t\t\t\t\t\t\t\t\t\t\t\t\t<\/div>\n\t\t\t\t\t\t<\/div>\n\t\t\t\t<\/div>\n\t\t\t\t\t\t<\/div>\n\t\t\t\t\t<\/div>\n\t\t<\/div>\n\t\t\t\t<div class=\"elementor-column elementor-col-50 elementor-top-column elementor-element elementor-element-6aa9f4ec\" data-id=\"6aa9f4ec\" data-element_type=\"column\">\n\t\t\t<div class=\"elementor-column-wrap elementor-element-populated\">\n\t\t\t\t\t\t\t<div class=\"elementor-widget-wrap\">\n\t\t\t\t\t\t<div class=\"elementor-element elementor-element-5becfdf2 elementor-widget elementor-widget-image\" data-id=\"5becfdf2\" data-element_type=\"widget\" data-widget_type=\"image.default\">\n\t\t\t\t<div class=\"elementor-widget-container\">\n\t\t\t\t\t\t\t\t<div class=\"elementor-image\">\n\t\t\t\t\t\t\t\t\t\t\t\t<img loading=\"lazy\" decoding=\"async\" width=\"1021\" height=\"679\" src=\"https:\/\/physiotherapieumut.de\/wp-content\/uploads\/2023\/09\/mld.jpg\" class=\"attachment-full size-full wp-image-2547\" alt=\"\" srcset=\"https:\/\/physiotherapieumut.de\/wp-content\/uploads\/2023\/09\/mld.jpg 1021w, https:\/\/physiotherapieumut.de\/wp-content\/uploads\/2023\/09\/mld-300x200.jpg 300w, https:\/\/physiotherapieumut.de\/wp-content\/uploads\/2023\/09\/mld-768x511.jpg 768w\" sizes=\"auto, (max-width: 1021px) 100vw, 1021px\" \/>\t\t\t\t\t\t\t\t\t\t\t\t\t\t<\/div>\n\t\t\t\t\t\t<\/div>\n\t\t\t\t<\/div>\n\t\t\t\t<div class=\"elementor-element elementor-element-8a9bc2d elementor-widget elementor-widget-spacer\" data-id=\"8a9bc2d\" data-element_type=\"widget\" data-widget_type=\"spacer.default\">\n\t\t\t\t<div class=\"elementor-widget-container\">\n\t\t\t<style>\/*! elementor - v3.17.0 - 08-11-2023 *\/\n.elementor-column .elementor-spacer-inner{height:var(--spacer-size)}.e-con{--container-widget-width:100%}.e-con-inner>.elementor-widget-spacer,.e-con>.elementor-widget-spacer{width:var(--container-widget-width,var(--spacer-size));--align-self:var(--container-widget-align-self,initial);--flex-shrink:0}.e-con-inner>.elementor-widget-spacer>.elementor-widget-container,.e-con>.elementor-widget-spacer>.elementor-widget-container{height:100%;width:100%}.e-con-inner>.elementor-widget-spacer>.elementor-widget-container>.elementor-spacer,.e-con>.elementor-widget-spacer>.elementor-widget-container>.elementor-spacer{height:100%}.e-con-inner>.elementor-widget-spacer>.elementor-widget-container>.elementor-spacer>.elementor-spacer-inner,.e-con>.elementor-widget-spacer>.elementor-widget-container>.elementor-spacer>.elementor-spacer-inner{height:var(--container-widget-height,var(--spacer-size))}.e-con-inner>.elementor-widget-spacer.elementor-widget-empty,.e-con>.elementor-widget-spacer.elementor-widget-empty{position:relative;min-height:22px;min-width:22px}.e-con-inner>.elementor-widget-spacer.elementor-widget-empty .elementor-widget-empty-icon,.e-con>.elementor-widget-spacer.elementor-widget-empty .elementor-widget-empty-icon{position:absolute;top:0;bottom:0;left:0;right:0;margin:auto;padding:0;width:22px;height:22px}<\/style>\t\t<div class=\"elementor-spacer\">\n\t\t\t<div class=\"elementor-spacer-inner\"><\/div>\n\t\t<\/div>\n\t\t\t\t<\/div>\n\t\t\t\t<\/div>\n\t\t\t\t\t\t<\/div>\n\t\t\t\t\t<\/div>\n\t\t<\/div>\n\t\t\t\t\t\t\t\t<\/div>\n\t\t\t\t\t<\/div>\n\t\t<\/section>\n\t\t\t\t<section class=\"elementor-section elementor-top-section elementor-element elementor-element-7c985c8d elementor-section-boxed elementor-section-height-default elementor-section-height-default\" data-id=\"7c985c8d\" data-element_type=\"section\">\n\t\t\t\t\t\t<div class=\"elementor-container elementor-column-gap-default\">\n\t\t\t\t\t\t\t<div class=\"elementor-row\">\n\t\t\t\t\t<div class=\"elementor-column elementor-col-100 elementor-top-column elementor-element elementor-element-70e6b22a\" data-id=\"70e6b22a\" data-element_type=\"column\">\n\t\t\t<div class=\"elementor-column-wrap elementor-element-populated\">\n\t\t\t\t\t\t\t<div class=\"elementor-widget-wrap\">\n\t\t\t\t\t\t<div class=\"elementor-element elementor-element-7064c0dc elementor-widget elementor-widget-spacer\" data-id=\"7064c0dc\" data-element_type=\"widget\" data-widget_type=\"spacer.default\">\n\t\t\t\t<div class=\"elementor-widget-container\">\n\t\t\t\t\t<div class=\"elementor-spacer\">\n\t\t\t<div class=\"elementor-spacer-inner\"><\/div>\n\t\t<\/div>\n\t\t\t\t<\/div>\n\t\t\t\t<\/div>\n\t\t\t\t\t\t<\/div>\n\t\t\t\t\t<\/div>\n\t\t<\/div>\n\t\t\t\t\t\t\t\t<\/div>\n\t\t\t\t\t<\/div>\n\t\t<\/section>\n\t\t\t\t<section class=\"elementor-section elementor-top-section elementor-element elementor-element-3a84b72a elementor-section-boxed elementor-section-height-default elementor-section-height-default\" data-id=\"3a84b72a\" data-element_type=\"section\">\n\t\t\t\t\t\t<div class=\"elementor-container elementor-column-gap-default\">\n\t\t\t\t\t\t\t<div class=\"elementor-row\">\n\t\t\t\t\t<div class=\"elementor-column elementor-col-100 elementor-top-column elementor-element elementor-element-72b0376e\" data-id=\"72b0376e\" data-element_type=\"column\">\n\t\t\t<div class=\"elementor-column-wrap elementor-element-populated\">\n\t\t\t\t\t\t\t<div class=\"elementor-widget-wrap\">\n\t\t\t\t\t\t<div class=\"elementor-element elementor-element-10bf68ed elementor-widget__width-initial elementor-widget elementor-widget-text-editor\" data-id=\"10bf68ed\" data-element_type=\"widget\" data-widget_type=\"text-editor.default\">\n\t\t\t\t<div class=\"elementor-widget-container\">\n\t\t\t\t\t\t\t\t<div class=\"elementor-text-editor elementor-clearfix\">\n\t\t\t\t<p>MLD, lenf sisteminin bozulmas\u0131yla ili\u015fkili \u00e7e\u015fitli hastal\u0131klarda uygulanabilir, \u00f6rne\u011fin:<\/p><ul><li><strong>Lenf\u00f6dem:<\/strong> Bir yaralanma veya ameliyat sonucu lenf s\u0131v\u0131s\u0131n\u0131n birikmesi nedeniyle dokuda \u015fi\u015flik.<\/li><li><strong>Lip\u00f6dem:<\/strong> Bacaklarda ve bazen kollarda orant\u0131s\u0131z bir ya\u011f dokusu birikmesine yol a\u00e7an kronik bir ya\u011f da\u011f\u0131l\u0131m\u0131 bozuklu\u011fu.<\/li><li><strong>Ven\u00f6z Yetmezlik:<\/strong> Ven kapak\u00e7\u0131klar\u0131n\u0131n d\u00fczg\u00fcn \u00e7al\u0131\u015fmamas\u0131 ve kan\u0131n etkili bir \u015fekilde kalbe geri ta\u015f\u0131namamas\u0131 durumu, bu durumda \u015fi\u015flik, varis ve \u00fclserlere neden olabilir.<\/li><li><strong>Postoperatif \u015ei\u015flik:<\/strong> Bir operasyon sonras\u0131 v\u00fccudun yaralanmaya verdi\u011fi tepki veya lenf ak\u0131\u015f\u0131n\u0131n bozulmas\u0131 nedeniyle olu\u015fan ge\u00e7ici \u015fi\u015flik.<\/li><\/ul><p>MLD, bu hastal\u0131klarda \u015fu \u015fekilde yard\u0131mc\u0131 olabilir:<\/p><ul><li>\u015ei\u015fli\u011fi azalt\u0131r ve dokuya uygulanan bas\u0131nc\u0131 d\u00fc\u015f\u00fcr\u00fcr.<\/li><li>Kan dola\u015f\u0131m\u0131n\u0131 art\u0131r\u0131r ve h\u00fccrelerin oksijen al\u0131m\u0131n\u0131 iyile\u015ftirir.<\/li><li>\u0130ltihab\u0131 hafifletir ve yara iyile\u015fmesini h\u0131zland\u0131r\u0131r.<\/li><li>Ba\u011f\u0131\u015f\u0131kl\u0131k sistemini g\u00fc\u00e7lendirir ve enfeksiyon riskini azalt\u0131r.<\/li><li>\u0130yi hissetmeyi art\u0131r\u0131r ve a\u011fr\u0131y\u0131 dindirir.<\/li><\/ul>\t\t\t\t\t<\/div>\n\t\t\t\t\t\t<\/div>\n\t\t\t\t<\/div>\n\t\t\t\t\t\t<\/div>\n\t\t\t\t\t<\/div>\n\t\t<\/div>\n\t\t\t\t\t\t\t\t<\/div>\n\t\t\t\t\t<\/div>\n\t\t<\/section>\n\t\t\t\t<section class=\"elementor-section elementor-top-section elementor-element elementor-element-6952b5b5 elementor-section-boxed elementor-section-height-default elementor-section-height-default\" data-id=\"6952b5b5\" data-element_type=\"section\">\n\t\t\t\t\t\t<div class=\"elementor-container elementor-column-gap-default\">\n\t\t\t\t\t\t\t<div class=\"elementor-row\">\n\t\t\t\t\t<div class=\"elementor-column elementor-col-100 elementor-top-column elementor-element elementor-element-6a506104\" data-id=\"6a506104\" data-element_type=\"column\">\n\t\t\t<div class=\"elementor-column-wrap elementor-element-populated\">\n\t\t\t\t\t\t\t<div class=\"elementor-widget-wrap\">\n\t\t\t\t\t\t<div class=\"elementor-element elementor-element-7cd9153c elementor-widget elementor-widget-text-editor\" data-id=\"7cd9153c\" data-element_type=\"widget\" data-widget_type=\"text-editor.default\">\n\t\t\t\t<div class=\"elementor-widget-container\">\n\t\t\t\t\t\t\t\t<div class=\"elementor-text-editor elementor-clearfix\">\n\t\t\t\t<p>MLD, her hastan\u0131n ihtiya\u00e7lar\u0131na g\u00f6re uyarlanan g\u00fcvenli ve rahatlat\u0131c\u0131 bir tedavi y\u00f6ntemidir. Seanslar\u0131n s\u00fcresi ve s\u0131kl\u0131\u011f\u0131 hastal\u0131\u011f\u0131n t\u00fcr\u00fcne ve \u015fiddetine ba\u011fl\u0131d\u0131r. MLD ile ilgili, genellikle en iyi sonu\u00e7lar\u0131 elde etmek i\u00e7in kompresyon \u00e7oraplar\u0131, egzersiz terapisi veya beslenme dan\u0131\u015fmanl\u0131\u011f\u0131 gibi di\u011fer \u00f6nlemlerle birlikte uygulan\u0131r.<\/p><p>MLD hakk\u0131nda daha fazla bilgi edinmek veya randevu almak isterseniz, l\u00fctfen bize [<a href=\"tel:022158942286\">Telefon numaras\u0131<\/a>] veya [<a href=\"mailto:info@physiotherapieumut.de\">E-posta adresi<\/a>] \u00fczerinden ula\u015f\u0131n. Size yard\u0131mc\u0131 olmay\u0131 d\u00f6rt g\u00f6zle bekliyoruz.<\/p>\t\t\t\t\t<\/div>\n\t\t\t\t\t\t<\/div>\n\t\t\t\t<\/div>\n\t\t\t\t\t\t<\/div>\n\t\t\t\t\t<\/div>\n\t\t<\/div>\n\t\t\t\t\t\t\t\t<\/div>\n\t\t\t\t\t<\/div>\n\t\t<\/section>\n\t\t\t\t\t\t\t\t\t<\/div>\n\t\t\t<\/div>\n\t\t\t\t\t<\/div>\n\t\t","protected":false},"excerpt":{"rendered":"<p>Manuel lenf drenaj\u0131 (MLD), lenf sisteminin uyar\u0131lmas\u0131n\u0131 ve v\u00fccuttaki lenf s\u0131v\u0131s\u0131n\u0131n ak\u0131\u015f\u0131n\u0131n iyile\u015ftirilmesini ama\u00e7layan \u00f6zelle\u015ftirilmi\u015f bir tedavi y\u00f6ntemidir. Lenf sistemi, ba\u011f\u0131\u015f\u0131kl\u0131k sisteminin bir par\u00e7as\u0131d\u0131r ve dokulardan fazla s\u0131v\u0131, toksinlerin uzakla\u015ft\u0131r\u0131lmas\u0131nda \u00f6nemli bir rol oynar. MLD, lenfin do\u011fal ak\u0131\u015f\u0131n\u0131 te\u015fvik eden yumu\u015fak, ritmik ve dairesel hareketlerle yap\u0131l\u0131r. MLD, lenf sisteminin bozulmas\u0131yla ili\u015fkili \u00e7e\u015fitli hastal\u0131klarda uygulanabilir, \u00f6rne\u011fin: [&hellip;]<\/p>\n","protected":false},"author":1,"featured_media":0,"parent":0,"menu_order":0,"comment_status":"closed","ping_status":"closed","template":"","meta":{"footnotes":""},"class_list":["post-3184","page","type-page","status-publish","hentry"],"yoast_head":"<!-- This site is optimized with the Yoast SEO plugin v21.5 - https:\/\/yoast.com\/wordpress\/plugins\/seo\/ -->\n<title>Manuel Lenfatik Drenaj (MLD)<\/title>\n<meta name=\"description\" content=\"Manuel Lenfatik Drenaj (MLD),lenf sisteminin uyar\u0131lmas\u0131n\u0131 ve v\u00fccuttaki lenf s\u0131v\u0131s\u0131n\u0131n ak\u0131\u015f\u0131n\u0131n iyile\u015ftirilmesini ama\u00e7layan tedavi y\u00f6ntemidir.\" \/>\n<meta name=\"robots\" content=\"index, follow, max-snippet:-1, max-image-preview:large, max-video-preview:-1\" \/>\n<link rel=\"canonical\" href=\"https:\/\/physiotherapieumut.de\/tr\/manuelle-lymphdrainage\/\" \/>\n<meta property=\"og:locale\" content=\"tr_TR\" \/>\n<meta property=\"og:type\" content=\"article\" \/>\n<meta property=\"og:title\" content=\"Manuel Lenfatik Drenaj (MLD)\" \/>\n<meta property=\"og:description\" content=\"Manuel Lenfatik Drenaj (MLD),lenf sisteminin uyar\u0131lmas\u0131n\u0131 ve v\u00fccuttaki lenf s\u0131v\u0131s\u0131n\u0131n ak\u0131\u015f\u0131n\u0131n iyile\u015ftirilmesini ama\u00e7layan tedavi y\u00f6ntemidir.\" \/>\n<meta property=\"og:url\" content=\"https:\/\/physiotherapieumut.de\/tr\/manuelle-lymphdrainage\/\" \/>\n<meta property=\"og:site_name\" content=\"Physiotherapie Umut\" \/>\n<meta property=\"article:modified_time\" content=\"2023-11-19T21:13:23+00:00\" \/>\n<meta property=\"og:image\" content=\"https:\/\/physiotherapieumut.de\/wp-content\/uploads\/2023\/09\/manuelle-Lymphdrainage-mld.jpg\" \/>\n<meta name=\"twitter:card\" content=\"summary_large_image\" \/>\n<meta name=\"twitter:label1\" content=\"Tahmini okuma s\u00fcresi\" \/>\n\t<meta name=\"twitter:data1\" content=\"2 dakika\" \/>\n<script type=\"application\/ld+json\" class=\"yoast-schema-graph\">{\"@context\":\"https:\/\/schema.org\",\"@graph\":[{\"@type\":\"WebPage\",\"@id\":\"https:\/\/physiotherapieumut.de\/tr\/manuelle-lymphdrainage\/\",\"url\":\"https:\/\/physiotherapieumut.de\/tr\/manuelle-lymphdrainage\/\",\"name\":\"Manuel Lenfatik Drenaj (MLD)\",\"isPartOf\":{\"@id\":\"https:\/\/physiotherapieumut.de\/#website\"},\"datePublished\":\"2023-09-18T11:00:56+00:00\",\"dateModified\":\"2023-11-19T21:13:23+00:00\",\"description\":\"Manuel Lenfatik Drenaj (MLD),lenf sisteminin uyar\u0131lmas\u0131n\u0131 ve v\u00fccuttaki lenf s\u0131v\u0131s\u0131n\u0131n ak\u0131\u015f\u0131n\u0131n iyile\u015ftirilmesini ama\u00e7layan tedavi y\u00f6ntemidir.\",\"breadcrumb\":{\"@id\":\"https:\/\/physiotherapieumut.de\/tr\/manuelle-lymphdrainage\/#breadcrumb\"},\"inLanguage\":\"tr\",\"potentialAction\":[{\"@type\":\"ReadAction\",\"target\":[\"https:\/\/physiotherapieumut.de\/tr\/manuelle-lymphdrainage\/\"]}]},{\"@type\":\"BreadcrumbList\",\"@id\":\"https:\/\/physiotherapieumut.de\/tr\/manuelle-lymphdrainage\/#breadcrumb\",\"itemListElement\":[{\"@type\":\"ListItem\",\"position\":1,\"name\":\"Startseite\",\"item\":\"https:\/\/physiotherapieumut.de\/tr\/\"},{\"@type\":\"ListItem\",\"position\":2,\"name\":\"Manuel Lenf Drenaj Tedavisi\"}]},{\"@type\":\"WebSite\",\"@id\":\"https:\/\/physiotherapieumut.de\/#website\",\"url\":\"https:\/\/physiotherapieumut.de\/\",\"name\":\"Physiotherapie Umut\",\"description\":\"Wir bringen Sie wieder in Bewegung\",\"alternateName\":\"Wir bringen Sie wieder in Bewegung\",\"potentialAction\":[{\"@type\":\"SearchAction\",\"target\":{\"@type\":\"EntryPoint\",\"urlTemplate\":\"https:\/\/physiotherapieumut.de\/?s={search_term_string}\"},\"query-input\":\"required name=search_term_string\"}],\"inLanguage\":\"tr\"}]}<\/script>\n<!-- \/ Yoast SEO plugin. -->","yoast_head_json":{"title":"Manuel Lenfatik Drenaj (MLD)","description":"Manuel Lenfatik Drenaj (MLD),lenf sisteminin uyar\u0131lmas\u0131n\u0131 ve v\u00fccuttaki lenf s\u0131v\u0131s\u0131n\u0131n ak\u0131\u015f\u0131n\u0131n iyile\u015ftirilmesini ama\u00e7layan tedavi y\u00f6ntemidir.","robots":{"index":"index","follow":"follow","max-snippet":"max-snippet:-1","max-image-preview":"max-image-preview:large","max-video-preview":"max-video-preview:-1"},"canonical":"https:\/\/physiotherapieumut.de\/tr\/manuelle-lymphdrainage\/","og_locale":"tr_TR","og_type":"article","og_title":"Manuel Lenfatik Drenaj (MLD)","og_description":"Manuel Lenfatik Drenaj (MLD),lenf sisteminin uyar\u0131lmas\u0131n\u0131 ve v\u00fccuttaki lenf s\u0131v\u0131s\u0131n\u0131n ak\u0131\u015f\u0131n\u0131n iyile\u015ftirilmesini ama\u00e7layan tedavi y\u00f6ntemidir.","og_url":"https:\/\/physiotherapieumut.de\/tr\/manuelle-lymphdrainage\/","og_site_name":"Physiotherapie Umut","article_modified_time":"2023-11-19T21:13:23+00:00","og_image":[{"url":"https:\/\/physiotherapieumut.de\/wp-content\/uploads\/2023\/09\/manuelle-Lymphdrainage-mld.jpg"}],"twitter_card":"summary_large_image","twitter_misc":{"Tahmini okuma s\u00fcresi":"2 dakika"},"schema":{"@context":"https:\/\/schema.org","@graph":[{"@type":"WebPage","@id":"https:\/\/physiotherapieumut.de\/tr\/manuelle-lymphdrainage\/","url":"https:\/\/physiotherapieumut.de\/tr\/manuelle-lymphdrainage\/","name":"Manuel Lenfatik Drenaj (MLD)","isPartOf":{"@id":"https:\/\/physiotherapieumut.de\/#website"},"datePublished":"2023-09-18T11:00:56+00:00","dateModified":"2023-11-19T21:13:23+00:00","description":"Manuel Lenfatik Drenaj (MLD),lenf sisteminin uyar\u0131lmas\u0131n\u0131 ve v\u00fccuttaki lenf s\u0131v\u0131s\u0131n\u0131n ak\u0131\u015f\u0131n\u0131n iyile\u015ftirilmesini ama\u00e7layan tedavi y\u00f6ntemidir.","breadcrumb":{"@id":"https:\/\/physiotherapieumut.de\/tr\/manuelle-lymphdrainage\/#breadcrumb"},"inLanguage":"tr","potentialAction":[{"@type":"ReadAction","target":["https:\/\/physiotherapieumut.de\/tr\/manuelle-lymphdrainage\/"]}]},{"@type":"BreadcrumbList","@id":"https:\/\/physiotherapieumut.de\/tr\/manuelle-lymphdrainage\/#breadcrumb","itemListElement":[{"@type":"ListItem","position":1,"name":"Startseite","item":"https:\/\/physiotherapieumut.de\/tr\/"},{"@type":"ListItem","position":2,"name":"Manuel Lenf Drenaj Tedavisi"}]},{"@type":"WebSite","@id":"https:\/\/physiotherapieumut.de\/#website","url":"https:\/\/physiotherapieumut.de\/","name":"Physiotherapie Umut","description":"Wir bringen Sie wieder in Bewegung","alternateName":"Wir bringen Sie wieder in Bewegung","potentialAction":[{"@type":"SearchAction","target":{"@type":"EntryPoint","urlTemplate":"https:\/\/physiotherapieumut.de\/?s={search_term_string}"},"query-input":"required name=search_term_string"}],"inLanguage":"tr"}]}},"_links":{"self":[{"href":"https:\/\/physiotherapieumut.de\/tr\/wp-json\/wp\/v2\/pages\/3184","targetHints":{"allow":["GET"]}}],"collection":[{"href":"https:\/\/physiotherapieumut.de\/tr\/wp-json\/wp\/v2\/pages"}],"about":[{"href":"https:\/\/physiotherapieumut.de\/tr\/wp-json\/wp\/v2\/types\/page"}],"author":[{"embeddable":true,"href":"https:\/\/physiotherapieumut.de\/tr\/wp-json\/wp\/v2\/users\/1"}],"replies":[{"embeddable":true,"href":"https:\/\/physiotherapieumut.de\/tr\/wp-json\/wp\/v2\/comments?post=3184"}],"version-history":[{"count":14,"href":"https:\/\/physiotherapieumut.de\/tr\/wp-json\/wp\/v2\/pages\/3184\/revisions"}],"predecessor-version":[{"id":3699,"href":"https:\/\/physiotherapieumut.de\/tr\/wp-json\/wp\/v2\/pages\/3184\/revisions\/3699"}],"wp:attachment":[{"href":"https:\/\/physiotherapieumut.de\/tr\/wp-json\/wp\/v2\/media?parent=3184"}],"curies":[{"name":"wp","href":"https:\/\/api.w.org\/{rel}","templated":true}]}}