{"id":3231,"date":"2019-08-02T06:23:05","date_gmt":"2019-08-02T03:23:05","guid":{"rendered":"https:\/\/99ajans.com\/physiotherapieumut\/physiotherapie\/"},"modified":"2024-02-11T22:16:13","modified_gmt":"2024-02-11T19:16:13","slug":"physiotherapie","status":"publish","type":"page","link":"https:\/\/physiotherapieumut.de\/tr\/physiotherapie\/","title":{"rendered":"Fizyoterapi"},"content":{"rendered":"\t\t<div data-elementor-type=\"wp-post\" data-elementor-id=\"3231\" class=\"elementor elementor-3231\">\n\t\t\t\t\t\t<div class=\"elementor-inner\">\n\t\t\t\t<div class=\"elementor-section-wrap\">\n\t\t\t\t\t\t\t\t\t<section class=\"elementor-section elementor-top-section elementor-element elementor-element-9588332 elementor-section-boxed elementor-section-height-default elementor-section-height-default\" data-id=\"9588332\" data-element_type=\"section\">\n\t\t\t\t\t\t<div class=\"elementor-container elementor-column-gap-default\">\n\t\t\t\t\t\t\t<div class=\"elementor-row\">\n\t\t\t\t\t<div class=\"elementor-column elementor-col-100 elementor-top-column elementor-element elementor-element-fc5abae\" data-id=\"fc5abae\" data-element_type=\"column\">\n\t\t\t<div class=\"elementor-column-wrap elementor-element-populated\">\n\t\t\t\t\t\t\t<div class=\"elementor-widget-wrap\">\n\t\t\t\t\t\t<div class=\"elementor-element elementor-element-be8dfba elementor-widget elementor-widget-spacer\" data-id=\"be8dfba\" data-element_type=\"widget\" data-widget_type=\"spacer.default\">\n\t\t\t\t<div class=\"elementor-widget-container\">\n\t\t\t<style>\/*! elementor - v3.17.0 - 08-11-2023 *\/\n.elementor-column .elementor-spacer-inner{height:var(--spacer-size)}.e-con{--container-widget-width:100%}.e-con-inner>.elementor-widget-spacer,.e-con>.elementor-widget-spacer{width:var(--container-widget-width,var(--spacer-size));--align-self:var(--container-widget-align-self,initial);--flex-shrink:0}.e-con-inner>.elementor-widget-spacer>.elementor-widget-container,.e-con>.elementor-widget-spacer>.elementor-widget-container{height:100%;width:100%}.e-con-inner>.elementor-widget-spacer>.elementor-widget-container>.elementor-spacer,.e-con>.elementor-widget-spacer>.elementor-widget-container>.elementor-spacer{height:100%}.e-con-inner>.elementor-widget-spacer>.elementor-widget-container>.elementor-spacer>.elementor-spacer-inner,.e-con>.elementor-widget-spacer>.elementor-widget-container>.elementor-spacer>.elementor-spacer-inner{height:var(--container-widget-height,var(--spacer-size))}.e-con-inner>.elementor-widget-spacer.elementor-widget-empty,.e-con>.elementor-widget-spacer.elementor-widget-empty{position:relative;min-height:22px;min-width:22px}.e-con-inner>.elementor-widget-spacer.elementor-widget-empty .elementor-widget-empty-icon,.e-con>.elementor-widget-spacer.elementor-widget-empty .elementor-widget-empty-icon{position:absolute;top:0;bottom:0;left:0;right:0;margin:auto;padding:0;width:22px;height:22px}<\/style>\t\t<div class=\"elementor-spacer\">\n\t\t\t<div class=\"elementor-spacer-inner\"><\/div>\n\t\t<\/div>\n\t\t\t\t<\/div>\n\t\t\t\t<\/div>\n\t\t\t\t\t\t<\/div>\n\t\t\t\t\t<\/div>\n\t\t<\/div>\n\t\t\t\t\t\t\t\t<\/div>\n\t\t\t\t\t<\/div>\n\t\t<\/section>\n\t\t\t\t<section class=\"elementor-section elementor-top-section elementor-element elementor-element-10d897d elementor-section-boxed elementor-section-height-default elementor-section-height-default\" data-id=\"10d897d\" data-element_type=\"section\">\n\t\t\t\t\t\t<div class=\"elementor-container elementor-column-gap-default\">\n\t\t\t\t\t\t\t<div class=\"elementor-row\">\n\t\t\t\t\t<div class=\"elementor-column elementor-col-50 elementor-top-column elementor-element elementor-element-bcc80f0\" data-id=\"bcc80f0\" data-element_type=\"column\" data-settings=\"{&quot;background_background&quot;:&quot;classic&quot;}\">\n\t\t\t<div class=\"elementor-column-wrap\">\n\t\t\t\t\t\t\t<div class=\"elementor-widget-wrap\">\n\t\t\t\t\t\t\t\t<\/div>\n\t\t\t\t\t<\/div>\n\t\t<\/div>\n\t\t\t\t<div class=\"elementor-column elementor-col-50 elementor-top-column elementor-element elementor-element-45775cd\" data-id=\"45775cd\" data-element_type=\"column\">\n\t\t\t<div class=\"elementor-column-wrap elementor-element-populated\">\n\t\t\t\t\t\t\t<div class=\"elementor-widget-wrap\">\n\t\t\t\t\t\t<div class=\"elementor-element elementor-element-018a4ea elementor-widget elementor-widget-spacer\" data-id=\"018a4ea\" data-element_type=\"widget\" data-widget_type=\"spacer.default\">\n\t\t\t\t<div class=\"elementor-widget-container\">\n\t\t\t\t\t<div class=\"elementor-spacer\">\n\t\t\t<div class=\"elementor-spacer-inner\"><\/div>\n\t\t<\/div>\n\t\t\t\t<\/div>\n\t\t\t\t<\/div>\n\t\t\t\t<div class=\"elementor-element elementor-element-bcfdbb5 elementor-widget__width-initial elementor-widget elementor-widget-wgl-double-headings\" data-id=\"bcfdbb5\" data-element_type=\"widget\" data-widget_type=\"wgl-double-headings.default\">\n\t\t\t\t<div class=\"elementor-widget-container\">\n\t\t\t<div class=\"wgl-double_heading aleft\">                <h3 class=\"dbl-title_wrapper\"><span class=\"dbl-title dbl-title_1\">Fizyoterapi nedir:<\/span>                 <\/h3>        <\/div>\t\t<\/div>\n\t\t\t\t<\/div>\n\t\t\t\t<div class=\"elementor-element elementor-element-93c5334 elementor-widget elementor-widget-text-editor\" data-id=\"93c5334\" data-element_type=\"widget\" data-widget_type=\"text-editor.default\">\n\t\t\t\t<div class=\"elementor-widget-container\">\n\t\t\t<style>\/*! elementor - v3.17.0 - 08-11-2023 *\/\n.elementor-widget-text-editor.elementor-drop-cap-view-stacked .elementor-drop-cap{background-color:#69727d;color:#fff}.elementor-widget-text-editor.elementor-drop-cap-view-framed .elementor-drop-cap{color:#69727d;border:3px solid;background-color:transparent}.elementor-widget-text-editor:not(.elementor-drop-cap-view-default) .elementor-drop-cap{margin-top:8px}.elementor-widget-text-editor:not(.elementor-drop-cap-view-default) .elementor-drop-cap-letter{width:1em;height:1em}.elementor-widget-text-editor .elementor-drop-cap{float:left;text-align:center;line-height:1;font-size:50px}.elementor-widget-text-editor .elementor-drop-cap-letter{display:inline-block}<\/style>\t\t\t\t\t<div class=\"elementor-text-editor elementor-clearfix\">\n\t\t\t\t<p>Fizyoterapi, bedenin hareket ve i\u015flev yetene\u011fini geri kazanmak, geli\u015ftirmek ve korumak amac\u0131yla uygulanan bir t\u0131p dal\u0131d\u0131r. Fizyoterapi, \u00f6zel e\u011fitimli fizyoterapistler taraf\u0131ndan yaralanma, hastal\u0131k veya kas-iskelet sorunlar\u0131ndan kurtulmaya \u00e7al\u0131\u015fan ki\u015filere yard\u0131mc\u0131 olmak i\u00e7in kullan\u0131lan \u00e7e\u015fitli tedavi y\u00f6ntemlerini kapsar. Ayr\u0131ca fizyoterapi,<span style=\"font-size: 19px; color: var( --e-global-color-text );\">\u00a0doktor taraf\u0131ndan re\u00e7ete edilen bir tedavi y\u00f6ntemidir.<\/span><\/p>\t\t\t\t\t<\/div>\n\t\t\t\t\t\t<\/div>\n\t\t\t\t<\/div>\n\t\t\t\t\t\t<\/div>\n\t\t\t\t\t<\/div>\n\t\t<\/div>\n\t\t\t\t\t\t\t\t<\/div>\n\t\t\t\t\t<\/div>\n\t\t<\/section>\n\t\t\t\t<section class=\"elementor-section elementor-top-section elementor-element elementor-element-c0ff71d elementor-section-boxed elementor-section-height-default elementor-section-height-default\" data-id=\"c0ff71d\" data-element_type=\"section\">\n\t\t\t\t\t\t<div class=\"elementor-container elementor-column-gap-default\">\n\t\t\t\t\t\t\t<div class=\"elementor-row\">\n\t\t\t\t\t<div class=\"elementor-column elementor-col-100 elementor-top-column elementor-element elementor-element-e31483e\" data-id=\"e31483e\" data-element_type=\"column\">\n\t\t\t<div class=\"elementor-column-wrap elementor-element-populated\">\n\t\t\t\t\t\t\t<div class=\"elementor-widget-wrap\">\n\t\t\t\t\t\t<div class=\"elementor-element elementor-element-6cb768e elementor-widget elementor-widget-spacer\" data-id=\"6cb768e\" data-element_type=\"widget\" data-widget_type=\"spacer.default\">\n\t\t\t\t<div class=\"elementor-widget-container\">\n\t\t\t\t\t<div class=\"elementor-spacer\">\n\t\t\t<div class=\"elementor-spacer-inner\"><\/div>\n\t\t<\/div>\n\t\t\t\t<\/div>\n\t\t\t\t<\/div>\n\t\t\t\t\t\t<\/div>\n\t\t\t\t\t<\/div>\n\t\t<\/div>\n\t\t\t\t\t\t\t\t<\/div>\n\t\t\t\t\t<\/div>\n\t\t<\/section>\n\t\t\t\t<section class=\"elementor-section elementor-top-section elementor-element elementor-element-8936afd elementor-section-boxed elementor-section-height-default elementor-section-height-default\" data-id=\"8936afd\" data-element_type=\"section\">\n\t\t\t\t\t\t<div class=\"elementor-container elementor-column-gap-default\">\n\t\t\t\t\t\t\t<div class=\"elementor-row\">\n\t\t\t\t\t<div class=\"elementor-column elementor-col-50 elementor-top-column elementor-element elementor-element-2420381\" data-id=\"2420381\" data-element_type=\"column\" data-settings=\"{&quot;background_background&quot;:&quot;classic&quot;}\">\n\t\t\t<div class=\"elementor-column-wrap\">\n\t\t\t\t\t\t\t<div class=\"elementor-widget-wrap\">\n\t\t\t\t\t\t\t\t<\/div>\n\t\t\t\t\t<\/div>\n\t\t<\/div>\n\t\t\t\t<div class=\"elementor-column elementor-col-50 elementor-top-column elementor-element elementor-element-43b691b\" data-id=\"43b691b\" data-element_type=\"column\">\n\t\t\t<div class=\"elementor-column-wrap elementor-element-populated\">\n\t\t\t\t\t\t\t<div class=\"elementor-widget-wrap\">\n\t\t\t\t\t\t<div class=\"elementor-element elementor-element-f3d4f96 elementor-widget elementor-widget-wgl-double-headings\" data-id=\"f3d4f96\" data-element_type=\"widget\" data-widget_type=\"wgl-double-headings.default\">\n\t\t\t\t<div class=\"elementor-widget-container\">\n\t\t\t<div class=\"wgl-double_heading aleft\">                <h3 class=\"dbl-title_wrapper\"><span class=\"dbl-title dbl-title_1\">Fizyoterapi Neden Yap\u0131l\u0131r?\n<\/span>                 <\/h3>        <\/div>\t\t<\/div>\n\t\t\t\t<\/div>\n\t\t\t\t<div class=\"elementor-element elementor-element-299f54f elementor-widget elementor-widget-text-editor\" data-id=\"299f54f\" data-element_type=\"widget\" data-widget_type=\"text-editor.default\">\n\t\t\t\t<div class=\"elementor-widget-container\">\n\t\t\t\t\t\t\t\t<div class=\"elementor-text-editor elementor-clearfix\">\n\t\t\t\t<ul>\n<li>A\u011fr\u0131y\u0131 azaltmak veya gidermek<\/li>\n<li>Hareketlilik ve i\u015flevi iyile\u015ftirmek veya geri kazanmak<\/li>\n<li>Yaralanmalar\u0131 \u00f6nlemek veya iyile\u015ftirmek<\/li>\n<li>Fiziksel performans\u0131 artt\u0131rmak<\/li>\n<li>Ya\u015fam kalitesini y\u00fckseltmek<\/li>\n<li>Ba\u011f\u0131ms\u0131zl\u0131\u011f\u0131 desteklemek<\/li>\n<\/ul>\t\t\t\t\t<\/div>\n\t\t\t\t\t\t<\/div>\n\t\t\t\t<\/div>\n\t\t\t\t\t\t<\/div>\n\t\t\t\t\t<\/div>\n\t\t<\/div>\n\t\t\t\t\t\t\t\t<\/div>\n\t\t\t\t\t<\/div>\n\t\t<\/section>\n\t\t\t\t<section class=\"elementor-section elementor-top-section elementor-element elementor-element-644ff38 elementor-section-boxed elementor-section-height-default elementor-section-height-default\" data-id=\"644ff38\" data-element_type=\"section\">\n\t\t\t\t\t\t<div class=\"elementor-container elementor-column-gap-default\">\n\t\t\t\t\t\t\t<div class=\"elementor-row\">\n\t\t\t\t\t<div class=\"elementor-column elementor-col-100 elementor-top-column elementor-element elementor-element-c9cb448\" data-id=\"c9cb448\" data-element_type=\"column\">\n\t\t\t<div class=\"elementor-column-wrap elementor-element-populated\">\n\t\t\t\t\t\t\t<div class=\"elementor-widget-wrap\">\n\t\t\t\t\t\t<div class=\"elementor-element elementor-element-6e89ea8 elementor-widget elementor-widget-text-editor\" data-id=\"6e89ea8\" data-element_type=\"widget\" data-widget_type=\"text-editor.default\">\n\t\t\t\t<div class=\"elementor-widget-container\">\n\t\t\t\t\t\t\t\t<div class=\"elementor-text-editor elementor-clearfix\">\n\t\t\t\t<p>Fizyoterapinin hedefleri esas olarak hastan\u0131n durumuna g\u00f6re belirlenir. Temel olarak fizyoterapi, a\u011fr\u0131y\u0131 hafifletmek, metabolizmay\u0131 ve kan dola\u015f\u0131m\u0131n\u0131 artt\u0131rmak, hareketlili\u011fi geri kazanmakt\u0131r. Ayr\u0131ca hareketlilik, koordinasyon, kuvvet ve dayan\u0131kl\u0131l\u0131\u011f\u0131 iyile\u015ftirmek veya korumak amac\u0131yla fizyoterapi yap\u0131l\u0131r. \u00d6zellikle ortopedide fizyoterapinin ara\u00e7lar\u0131 omurga ve uzuv hastal\u0131klar\u0131 ile yaralanma ve ameliyat sonras\u0131nda uygulan\u0131r. Bunlar aras\u0131nda k\u0131r\u0131lmalar, romatizma, skolyoz, bel f\u0131t\u0131\u011f\u0131 veya do\u011fu\u015ftan gelen \u015fekil bozukluklar\u0131 ve malformasyonlar say\u0131labilir.<\/p>\t\t\t\t\t<\/div>\n\t\t\t\t\t\t<\/div>\n\t\t\t\t<\/div>\n\t\t\t\t<div class=\"elementor-element elementor-element-9c50d7b elementor-widget elementor-widget-spacer\" data-id=\"9c50d7b\" data-element_type=\"widget\" data-widget_type=\"spacer.default\">\n\t\t\t\t<div class=\"elementor-widget-container\">\n\t\t\t\t\t<div class=\"elementor-spacer\">\n\t\t\t<div class=\"elementor-spacer-inner\"><\/div>\n\t\t<\/div>\n\t\t\t\t<\/div>\n\t\t\t\t<\/div>\n\t\t\t\t\t\t<\/div>\n\t\t\t\t\t<\/div>\n\t\t<\/div>\n\t\t\t\t\t\t\t\t<\/div>\n\t\t\t\t\t<\/div>\n\t\t<\/section>\n\t\t\t\t<section class=\"elementor-section elementor-top-section elementor-element elementor-element-040c7a5 elementor-section-stretched elementor-section-full_width elementor-section-height-default elementor-section-height-default\" data-id=\"040c7a5\" data-element_type=\"section\" data-settings=\"{&quot;stretch_section&quot;:&quot;section-stretched&quot;}\">\n\t\t\t\t\t\t<div class=\"elementor-container elementor-column-gap-no\">\n\t\t\t\t\t\t\t<div class=\"elementor-row\">\n\t\t\t\t\t<div class=\"elementor-column elementor-col-100 elementor-top-column elementor-element elementor-element-845950e\" data-id=\"845950e\" data-element_type=\"column\">\n\t\t\t<div class=\"elementor-column-wrap elementor-element-populated\">\n\t\t\t\t\t\t\t<div class=\"elementor-widget-wrap\">\n\t\t\t\t\t\t<div class=\"elementor-element elementor-element-90be4b9 elementor-widget elementor-widget-image\" data-id=\"90be4b9\" data-element_type=\"widget\" data-widget_type=\"image.default\">\n\t\t\t\t<div class=\"elementor-widget-container\">\n\t\t\t<style>\/*! elementor - v3.17.0 - 08-11-2023 *\/\n.elementor-widget-image{text-align:center}.elementor-widget-image a{display:inline-block}.elementor-widget-image a img[src$=\".svg\"]{width:48px}.elementor-widget-image img{vertical-align:middle;display:inline-block}<\/style>\t\t\t\t\t<div class=\"elementor-image\">\n\t\t\t\t\t\t\t\t\t\t\t\t<img loading=\"lazy\" decoding=\"async\" width=\"768\" height=\"150\" src=\"https:\/\/physiotherapieumut.de\/wp-content\/uploads\/2023\/09\/umut-dikmen-Physiotherapie-768x150.jpg\" class=\"attachment-medium_large size-medium_large wp-image-2324\" alt=\"\" srcset=\"https:\/\/physiotherapieumut.de\/wp-content\/uploads\/2023\/09\/umut-dikmen-Physiotherapie-768x150.jpg 768w, https:\/\/physiotherapieumut.de\/wp-content\/uploads\/2023\/09\/umut-dikmen-Physiotherapie-300x58.jpg 300w, https:\/\/physiotherapieumut.de\/wp-content\/uploads\/2023\/09\/umut-dikmen-Physiotherapie-1024x199.jpg 1024w, https:\/\/physiotherapieumut.de\/wp-content\/uploads\/2023\/09\/umut-dikmen-Physiotherapie-1536x299.jpg 1536w, https:\/\/physiotherapieumut.de\/wp-content\/uploads\/2023\/09\/umut-dikmen-Physiotherapie.jpg 1900w\" sizes=\"auto, (max-width: 768px) 100vw, 768px\" \/>\t\t\t\t\t\t\t\t\t\t\t\t\t\t<\/div>\n\t\t\t\t\t\t<\/div>\n\t\t\t\t<\/div>\n\t\t\t\t<div class=\"elementor-element elementor-element-d3841ea elementor-widget elementor-widget-spacer\" data-id=\"d3841ea\" data-element_type=\"widget\" data-widget_type=\"spacer.default\">\n\t\t\t\t<div class=\"elementor-widget-container\">\n\t\t\t\t\t<div class=\"elementor-spacer\">\n\t\t\t<div class=\"elementor-spacer-inner\"><\/div>\n\t\t<\/div>\n\t\t\t\t<\/div>\n\t\t\t\t<\/div>\n\t\t\t\t\t\t<\/div>\n\t\t\t\t\t<\/div>\n\t\t<\/div>\n\t\t\t\t\t\t\t\t<\/div>\n\t\t\t\t\t<\/div>\n\t\t<\/section>\n\t\t\t\t<section class=\"elementor-section elementor-top-section elementor-element elementor-element-2a93a8a elementor-section-boxed elementor-section-height-default elementor-section-height-default\" data-id=\"2a93a8a\" data-element_type=\"section\">\n\t\t\t\t\t\t<div class=\"elementor-container elementor-column-gap-default\">\n\t\t\t\t\t\t\t<div class=\"elementor-row\">\n\t\t\t\t\t<div class=\"elementor-column elementor-col-100 elementor-top-column elementor-element elementor-element-7128e8e\" data-id=\"7128e8e\" data-element_type=\"column\">\n\t\t\t<div class=\"elementor-column-wrap elementor-element-populated\">\n\t\t\t\t\t\t\t<div class=\"elementor-widget-wrap\">\n\t\t\t\t\t\t<div class=\"elementor-element elementor-element-ba13b57 elementor-widget__width-initial elementor-widget elementor-widget-wgl-double-headings\" data-id=\"ba13b57\" data-element_type=\"widget\" data-widget_type=\"wgl-double-headings.default\">\n\t\t\t\t<div class=\"elementor-widget-container\">\n\t\t\t<div class=\"wgl-double_heading aleft\">                <h3 class=\"dbl-title_wrapper\"><span class=\"dbl-title dbl-title_1\">Katk\u0131 Pay\u0131 Muafiyetine Ne Zaman Ba\u015fvurabilirsiniz?\n<\/span>                 <\/h3>        <\/div>\t\t<\/div>\n\t\t\t\t<\/div>\n\t\t\t\t<div class=\"elementor-element elementor-element-020cb53 elementor-widget__width-initial elementor-widget elementor-widget-text-editor\" data-id=\"020cb53\" data-element_type=\"widget\" data-widget_type=\"text-editor.default\">\n\t\t\t\t<div class=\"elementor-widget-container\">\n\t\t\t\t\t\t\t\t<div class=\"elementor-text-editor elementor-clearfix\">\n\t\t\t\tHer tedavi serisi i\u00e7in yasal olarak sa\u011fl\u0131k sigortal\u0131 hastan\u0131n (GKV sigortal\u0131s\u0131) bir katk\u0131 pay\u0131 (katk\u0131 pay\u0131) \u00f6demesi gerekir. Katk\u0131 paylar\u0131 i\u00e7in bir \u00fcst s\u0131n\u0131r vard\u0131r. Bu, t\u00fcm katk\u0131 paylar\u0131 i\u00e7in br\u00fct gelirinizin en fazla %2\u2019sidir. Makbuzlar\u0131n\u0131z\u0131 iyi saklay\u0131n. Katk\u0131 paylar\u0131 ile y\u0131ll\u0131k br\u00fct gelirinizin %2\u2019sine ula\u015f\u0131ld\u0131\u011f\u0131nda, sa\u011fl\u0131k sigortan\u0131zdan muafiyet ba\u015fvurusunda bulunabilirsiniz. Kronik hastalar i\u00e7in en y\u00fcksek oran yaln\u0131zca y\u0131ll\u0131k br\u00fct gelirinizin %1\u2019idir.\n\t\t\t\t\t<\/div>\n\t\t\t\t\t\t<\/div>\n\t\t\t\t<\/div>\n\t\t\t\t\t\t<\/div>\n\t\t\t\t\t<\/div>\n\t\t<\/div>\n\t\t\t\t\t\t\t\t<\/div>\n\t\t\t\t\t<\/div>\n\t\t<\/section>\n\t\t\t\t\t\t\t\t\t<\/div>\n\t\t\t<\/div>\n\t\t\t\t\t<\/div>\n\t\t","protected":false},"excerpt":{"rendered":"<p>Fizyoterapi nedir: Fizyoterapi, bedenin hareket ve i\u015flev yetene\u011fini geri kazanmak, geli\u015ftirmek ve korumak amac\u0131yla uygulanan bir t\u0131p dal\u0131d\u0131r. Fizyoterapi, \u00f6zel e\u011fitimli fizyoterapistler taraf\u0131ndan yaralanma, hastal\u0131k veya kas-iskelet sorunlar\u0131ndan kurtulmaya \u00e7al\u0131\u015fan ki\u015filere yard\u0131mc\u0131 olmak i\u00e7in kullan\u0131lan \u00e7e\u015fitli tedavi y\u00f6ntemlerini kapsar. Ayr\u0131ca fizyoterapi,\u00a0doktor taraf\u0131ndan re\u00e7ete edilen bir tedavi y\u00f6ntemidir. Fizyoterapi Neden Yap\u0131l\u0131r? A\u011fr\u0131y\u0131 azaltmak veya gidermek Hareketlilik [&hellip;]<\/p>\n","protected":false},"author":1,"featured_media":0,"parent":0,"menu_order":0,"comment_status":"closed","ping_status":"closed","template":"","meta":{"footnotes":""},"class_list":["post-3231","page","type-page","status-publish","hentry"],"yoast_head":"<!-- This site is optimized with the Yoast SEO plugin v21.5 - https:\/\/yoast.com\/wordpress\/plugins\/seo\/ -->\n<title>Fizyoterapi: Nedir, Neden Yap\u0131l\u0131r?<\/title>\n<meta name=\"description\" content=\"Fizyoterapi, bedenin hareket ve i\u015flev yetene\u011fini geri kazanmak, geli\u015ftirmek ve korumak amac\u0131yla uygulanan bir t\u0131p dal\u0131d\u0131r.\" \/>\n<meta name=\"robots\" content=\"index, follow, max-snippet:-1, max-image-preview:large, max-video-preview:-1\" \/>\n<link rel=\"canonical\" href=\"https:\/\/physiotherapieumut.de\/tr\/physiotherapie\/\" \/>\n<meta property=\"og:locale\" content=\"tr_TR\" \/>\n<meta property=\"og:type\" content=\"article\" \/>\n<meta property=\"og:title\" content=\"Fizyoterapi: Nedir, Neden Yap\u0131l\u0131r?\" \/>\n<meta property=\"og:description\" content=\"Fizyoterapi, bedenin hareket ve i\u015flev yetene\u011fini geri kazanmak, geli\u015ftirmek ve korumak amac\u0131yla uygulanan bir t\u0131p dal\u0131d\u0131r.\" \/>\n<meta property=\"og:url\" content=\"https:\/\/physiotherapieumut.de\/tr\/physiotherapie\/\" \/>\n<meta property=\"og:site_name\" content=\"Physiotherapie Umut\" \/>\n<meta property=\"article:modified_time\" content=\"2024-02-11T19:16:13+00:00\" \/>\n<meta property=\"og:image\" content=\"https:\/\/physiotherapieumut.de\/wp-content\/uploads\/2023\/09\/umut-dikmen-Physiotherapie-768x150.jpg\" \/>\n<meta name=\"twitter:card\" content=\"summary_large_image\" \/>\n<meta name=\"twitter:label1\" content=\"Tahmini okuma s\u00fcresi\" \/>\n\t<meta name=\"twitter:data1\" content=\"2 dakika\" \/>\n<script type=\"application\/ld+json\" class=\"yoast-schema-graph\">{\"@context\":\"https:\/\/schema.org\",\"@graph\":[{\"@type\":\"WebPage\",\"@id\":\"https:\/\/physiotherapieumut.de\/tr\/physiotherapie\/\",\"url\":\"https:\/\/physiotherapieumut.de\/tr\/physiotherapie\/\",\"name\":\"Fizyoterapi: Nedir, Neden Yap\u0131l\u0131r?\",\"isPartOf\":{\"@id\":\"https:\/\/physiotherapieumut.de\/#website\"},\"datePublished\":\"2019-08-02T03:23:05+00:00\",\"dateModified\":\"2024-02-11T19:16:13+00:00\",\"description\":\"Fizyoterapi, bedenin hareket ve i\u015flev yetene\u011fini geri kazanmak, geli\u015ftirmek ve korumak amac\u0131yla uygulanan bir t\u0131p dal\u0131d\u0131r.\",\"breadcrumb\":{\"@id\":\"https:\/\/physiotherapieumut.de\/tr\/physiotherapie\/#breadcrumb\"},\"inLanguage\":\"tr\",\"potentialAction\":[{\"@type\":\"ReadAction\",\"target\":[\"https:\/\/physiotherapieumut.de\/tr\/physiotherapie\/\"]}]},{\"@type\":\"BreadcrumbList\",\"@id\":\"https:\/\/physiotherapieumut.de\/tr\/physiotherapie\/#breadcrumb\",\"itemListElement\":[{\"@type\":\"ListItem\",\"position\":1,\"name\":\"Startseite\",\"item\":\"https:\/\/physiotherapieumut.de\/tr\/\"},{\"@type\":\"ListItem\",\"position\":2,\"name\":\"Fizyoterapi\"}]},{\"@type\":\"WebSite\",\"@id\":\"https:\/\/physiotherapieumut.de\/#website\",\"url\":\"https:\/\/physiotherapieumut.de\/\",\"name\":\"Physiotherapie Umut\",\"description\":\"Wir bringen Sie wieder in Bewegung\",\"alternateName\":\"Wir bringen Sie wieder in Bewegung\",\"potentialAction\":[{\"@type\":\"SearchAction\",\"target\":{\"@type\":\"EntryPoint\",\"urlTemplate\":\"https:\/\/physiotherapieumut.de\/?s={search_term_string}\"},\"query-input\":\"required name=search_term_string\"}],\"inLanguage\":\"tr\"}]}<\/script>\n<!-- \/ Yoast SEO plugin. -->","yoast_head_json":{"title":"Fizyoterapi: Nedir, Neden Yap\u0131l\u0131r?","description":"Fizyoterapi, bedenin hareket ve i\u015flev yetene\u011fini geri kazanmak, geli\u015ftirmek ve korumak amac\u0131yla uygulanan bir t\u0131p dal\u0131d\u0131r.","robots":{"index":"index","follow":"follow","max-snippet":"max-snippet:-1","max-image-preview":"max-image-preview:large","max-video-preview":"max-video-preview:-1"},"canonical":"https:\/\/physiotherapieumut.de\/tr\/physiotherapie\/","og_locale":"tr_TR","og_type":"article","og_title":"Fizyoterapi: Nedir, Neden Yap\u0131l\u0131r?","og_description":"Fizyoterapi, bedenin hareket ve i\u015flev yetene\u011fini geri kazanmak, geli\u015ftirmek ve korumak amac\u0131yla uygulanan bir t\u0131p dal\u0131d\u0131r.","og_url":"https:\/\/physiotherapieumut.de\/tr\/physiotherapie\/","og_site_name":"Physiotherapie Umut","article_modified_time":"2024-02-11T19:16:13+00:00","og_image":[{"url":"https:\/\/physiotherapieumut.de\/wp-content\/uploads\/2023\/09\/umut-dikmen-Physiotherapie-768x150.jpg"}],"twitter_card":"summary_large_image","twitter_misc":{"Tahmini okuma s\u00fcresi":"2 dakika"},"schema":{"@context":"https:\/\/schema.org","@graph":[{"@type":"WebPage","@id":"https:\/\/physiotherapieumut.de\/tr\/physiotherapie\/","url":"https:\/\/physiotherapieumut.de\/tr\/physiotherapie\/","name":"Fizyoterapi: Nedir, Neden Yap\u0131l\u0131r?","isPartOf":{"@id":"https:\/\/physiotherapieumut.de\/#website"},"datePublished":"2019-08-02T03:23:05+00:00","dateModified":"2024-02-11T19:16:13+00:00","description":"Fizyoterapi, bedenin hareket ve i\u015flev yetene\u011fini geri kazanmak, geli\u015ftirmek ve korumak amac\u0131yla uygulanan bir t\u0131p dal\u0131d\u0131r.","breadcrumb":{"@id":"https:\/\/physiotherapieumut.de\/tr\/physiotherapie\/#breadcrumb"},"inLanguage":"tr","potentialAction":[{"@type":"ReadAction","target":["https:\/\/physiotherapieumut.de\/tr\/physiotherapie\/"]}]},{"@type":"BreadcrumbList","@id":"https:\/\/physiotherapieumut.de\/tr\/physiotherapie\/#breadcrumb","itemListElement":[{"@type":"ListItem","position":1,"name":"Startseite","item":"https:\/\/physiotherapieumut.de\/tr\/"},{"@type":"ListItem","position":2,"name":"Fizyoterapi"}]},{"@type":"WebSite","@id":"https:\/\/physiotherapieumut.de\/#website","url":"https:\/\/physiotherapieumut.de\/","name":"Physiotherapie Umut","description":"Wir bringen Sie wieder in Bewegung","alternateName":"Wir bringen Sie wieder in Bewegung","potentialAction":[{"@type":"SearchAction","target":{"@type":"EntryPoint","urlTemplate":"https:\/\/physiotherapieumut.de\/?s={search_term_string}"},"query-input":"required name=search_term_string"}],"inLanguage":"tr"}]}},"_links":{"self":[{"href":"https:\/\/physiotherapieumut.de\/tr\/wp-json\/wp\/v2\/pages\/3231","targetHints":{"allow":["GET"]}}],"collection":[{"href":"https:\/\/physiotherapieumut.de\/tr\/wp-json\/wp\/v2\/pages"}],"about":[{"href":"https:\/\/physiotherapieumut.de\/tr\/wp-json\/wp\/v2\/types\/page"}],"author":[{"embeddable":true,"href":"https:\/\/physiotherapieumut.de\/tr\/wp-json\/wp\/v2\/users\/1"}],"replies":[{"embeddable":true,"href":"https:\/\/physiotherapieumut.de\/tr\/wp-json\/wp\/v2\/comments?post=3231"}],"version-history":[{"count":16,"href":"https:\/\/physiotherapieumut.de\/tr\/wp-json\/wp\/v2\/pages\/3231\/revisions"}],"predecessor-version":[{"id":3798,"href":"https:\/\/physiotherapieumut.de\/tr\/wp-json\/wp\/v2\/pages\/3231\/revisions\/3798"}],"wp:attachment":[{"href":"https:\/\/physiotherapieumut.de\/tr\/wp-json\/wp\/v2\/media?parent=3231"}],"curies":[{"name":"wp","href":"https:\/\/api.w.org\/{rel}","templated":true}]}}